{"id":8450,"date":"2022-06-24T16:21:29","date_gmt":"2022-06-24T21:21:29","guid":{"rendered":"https:\/\/laterrabiojoyas.com\/?post_type=product&#038;p=8450"},"modified":"2022-11-24T16:42:00","modified_gmt":"2022-11-24T21:42:00","slug":"aretes-laterra-redondos-pequenos-nacar","status":"publish","type":"product","link":"https:\/\/laterrabiojoyas.com\/index.php\/product\/aretes-laterra-redondos-pequenos-nacar\/","title":{"rendered":"Aretes laterra redondos peque\u00f1os n\u00e1car"},"content":{"rendered":"<p>Aretes laterra redondos peque\u00f1os n\u00e1car.<\/p>\n","protected":false},"excerpt":{"rendered":"<p>Aretes laterra redondos peque\u00f1os n\u00e1car.<\/p>\n","protected":false},"featured_media":8451,"comment_status":"open","ping_status":"closed","template":"","meta":{"_editorskit_title_hidden":false,"_editorskit_reading_time":0,"_editorskit_is_block_options_detached":false,"_editorskit_block_options_position":"{}"},"product_brand":[],"product_cat":[43],"product_tag":[],"class_list":{"0":"post-8450","1":"product","2":"type-product","3":"status-publish","4":"has-post-thumbnail","6":"product_cat-aretes","8":"first","9":"outofstock","10":"taxable","11":"shipping-taxable","12":"purchasable","13":"product-type-simple"},"aioseo_notices":[],"_links":{"self":[{"href":"https:\/\/laterrabiojoyas.com\/index.php\/wp-json\/wp\/v2\/product\/8450","targetHints":{"allow":["GET"]}}],"collection":[{"href":"https:\/\/laterrabiojoyas.com\/index.php\/wp-json\/wp\/v2\/product"}],"about":[{"href":"https:\/\/laterrabiojoyas.com\/index.php\/wp-json\/wp\/v2\/types\/product"}],"replies":[{"embeddable":true,"href":"https:\/\/laterrabiojoyas.com\/index.php\/wp-json\/wp\/v2\/comments?post=8450"}],"wp:featuredmedia":[{"embeddable":true,"href":"https:\/\/laterrabiojoyas.com\/index.php\/wp-json\/wp\/v2\/media\/8451"}],"wp:attachment":[{"href":"https:\/\/laterrabiojoyas.com\/index.php\/wp-json\/wp\/v2\/media?parent=8450"}],"wp:term":[{"taxonomy":"product_brand","embeddable":true,"href":"https:\/\/laterrabiojoyas.com\/index.php\/wp-json\/wp\/v2\/product_brand?post=8450"},{"taxonomy":"product_cat","embeddable":true,"href":"https:\/\/laterrabiojoyas.com\/index.php\/wp-json\/wp\/v2\/product_cat?post=8450"},{"taxonomy":"product_tag","embeddable":true,"href":"https:\/\/laterrabiojoyas.com\/index.php\/wp-json\/wp\/v2\/product_tag?post=8450"}],"curies":[{"name":"wp","href":"https:\/\/api.w.org\/{rel}","templated":true}]}}