{"id":7563,"date":"2021-11-23T10:52:06","date_gmt":"2021-11-23T10:52:06","guid":{"rendered":"https:\/\/laterrabiojoyas.com\/?post_type=product&#038;p=7563"},"modified":"2022-01-20T02:04:52","modified_gmt":"2022-01-20T02:04:52","slug":"aretes-mini-laterra-espiritu-santo","status":"publish","type":"product","link":"https:\/\/laterrabiojoyas.com\/index.php\/product\/aretes-mini-laterra-espiritu-santo\/","title":{"rendered":"Aretes Mini Espiritu Santo"},"content":{"rendered":"","protected":false},"excerpt":{"rendered":"<p>Mini Aretes con pasador de f\u00e1cil uso, dise\u00f1o en su dijen como s\u00edmbolo del Esp\u00edritu Santo.<\/p>\n","protected":false},"featured_media":7565,"comment_status":"open","ping_status":"closed","template":"","meta":{"_editorskit_title_hidden":false,"_editorskit_reading_time":0,"_editorskit_is_block_options_detached":false,"_editorskit_block_options_position":"{}"},"product_brand":[],"product_cat":[43],"product_tag":[],"class_list":{"0":"post-7563","1":"product","2":"type-product","3":"status-publish","4":"has-post-thumbnail","6":"product_cat-aretes","8":"first","9":"outofstock","10":"taxable","11":"shipping-taxable","12":"purchasable","13":"product-type-simple"},"aioseo_notices":[],"_links":{"self":[{"href":"https:\/\/laterrabiojoyas.com\/index.php\/wp-json\/wp\/v2\/product\/7563","targetHints":{"allow":["GET"]}}],"collection":[{"href":"https:\/\/laterrabiojoyas.com\/index.php\/wp-json\/wp\/v2\/product"}],"about":[{"href":"https:\/\/laterrabiojoyas.com\/index.php\/wp-json\/wp\/v2\/types\/product"}],"replies":[{"embeddable":true,"href":"https:\/\/laterrabiojoyas.com\/index.php\/wp-json\/wp\/v2\/comments?post=7563"}],"wp:featuredmedia":[{"embeddable":true,"href":"https:\/\/laterrabiojoyas.com\/index.php\/wp-json\/wp\/v2\/media\/7565"}],"wp:attachment":[{"href":"https:\/\/laterrabiojoyas.com\/index.php\/wp-json\/wp\/v2\/media?parent=7563"}],"wp:term":[{"taxonomy":"product_brand","embeddable":true,"href":"https:\/\/laterrabiojoyas.com\/index.php\/wp-json\/wp\/v2\/product_brand?post=7563"},{"taxonomy":"product_cat","embeddable":true,"href":"https:\/\/laterrabiojoyas.com\/index.php\/wp-json\/wp\/v2\/product_cat?post=7563"},{"taxonomy":"product_tag","embeddable":true,"href":"https:\/\/laterrabiojoyas.com\/index.php\/wp-json\/wp\/v2\/product_tag?post=7563"}],"curies":[{"name":"wp","href":"https:\/\/api.w.org\/{rel}","templated":true}]}}